{"id":105,"date":"2023-04-27T07:50:40","date_gmt":"2023-04-27T07:50:40","guid":{"rendered":"https:\/\/the-reputation.com\/?page_id=105"},"modified":"2023-08-31T10:41:11","modified_gmt":"2023-08-31T10:41:11","slug":"privacy-policy","status":"publish","type":"page","link":"https:\/\/the-reputation.com\/fr\/privacy-policy\/","title":{"rendered":"politique de confidentialit\u00e9"},"content":{"rendered":"<div data-elementor-type=\"wp-post\" data-elementor-id=\"105\" class=\"elementor elementor-105\" data-elementor-settings=\"[]\">\n\t\t\t\t\t\t\t<div class=\"elementor-section-wrap\">\n\t\t\t\t\t\t\t<section class=\"elementor-section elementor-top-section elementor-element elementor-element-5567a06 elementor-section-boxed elementor-section-height-default elementor-section-height-default\" data-id=\"5567a06\" data-element_type=\"section\">\n\t\t\t\t\t\t<div class=\"elementor-container elementor-column-gap-default\">\n\t\t\t\t\t<div class=\"elementor-column elementor-col-100 elementor-top-column elementor-element elementor-element-9893767\" data-id=\"9893767\" data-element_type=\"column\">\n\t\t\t<div class=\"elementor-widget-wrap elementor-element-populated\">\n\t\t\t\t\t\t\t\t<div class=\"elementor-element elementor-element-a11e319 elementor-widget elementor-widget-spacer\" data-id=\"a11e319\" data-element_type=\"widget\" data-widget_type=\"spacer.default\">\n\t\t\t\t<div class=\"elementor-widget-container\">\n\t\t\t\t\t<div class=\"elementor-spacer\">\n\t\t\t<div class=\"elementor-spacer-inner\"><\/div>\n\t\t<\/div>\n\t\t\t\t<\/div>\n\t\t\t\t<\/div>\n\t\t\t\t<div class=\"elementor-element elementor-element-c1c2ecc elementor-widget elementor-widget-heading\" data-id=\"c1c2ecc\" data-element_type=\"widget\" data-widget_type=\"heading.default\">\n\t\t\t\t<div class=\"elementor-widget-container\">\n\t\t\t<h2 class=\"elementor-heading-title elementor-size-default\">POLITIQUE DE CONFIDENTIALIT\u00c9<\/h2>\t\t<\/div>\n\t\t\t\t<\/div>\n\t\t\t\t\t<\/div>\n\t\t<\/div>\n\t\t\t\t\t\t\t<\/div>\n\t\t<\/section>\n\t\t\t\t<section class=\"elementor-section elementor-top-section elementor-element elementor-element-2aaf19a elementor-section-boxed elementor-section-height-default elementor-section-height-default\" data-id=\"2aaf19a\" data-element_type=\"section\">\n\t\t\t\t\t\t<div class=\"elementor-container elementor-column-gap-wider\">\n\t\t\t\t\t<div class=\"elementor-column elementor-col-100 elementor-top-column elementor-element elementor-element-be9f96a\" data-id=\"be9f96a\" data-element_type=\"column\">\n\t\t\t<div class=\"elementor-widget-wrap elementor-element-populated\">\n\t\t\t\t\t\t\t\t<div class=\"elementor-element elementor-element-24aaf16 elementor-widget elementor-widget-text-editor\" data-id=\"24aaf16\" data-element_type=\"widget\" data-widget_type=\"text-editor.default\">\n\t\t\t\t<div class=\"elementor-widget-container\">\n\t\t\t\t\t<div class=\"elementor-text-editor elementor-clearfix\"><p>Standard Chartered Rating GmbH<br><a href=\"https:\/\/the-reputation.com\/fr\/\" target=\"_blank\" rel=\"noopener\">www.the-reputation.com<\/a><\/p>\n<p>Standard Chartered Rating GmbH s&#039;engage \u00e0 prot\u00e9ger votre vie priv\u00e9e et respecte les lois sur la protection des donn\u00e9es applicables \u00e0 la l\u00e9gislation allemande. Cette politique de confidentialit\u00e9 d\u00e9crit la mani\u00e8re dont vos informations personnelles sont trait\u00e9es.<\/p>\n<p>En continuant \u00e0 utiliser nos services, y compris nos sites Web, vous consentez \u00e0 la collecte et \u00e0 l&#039;utilisation de vos informations personnelles aux fins \u00e9nonc\u00e9es dans la pr\u00e9sente politique de confidentialit\u00e9.<\/p>\n<p>Lorsque vous remplissez un formulaire et que vous l&#039;envoyez \u00e0 notre adresse e-mail, nous pouvons vous demander votre nom, votre adresse e-mail, votre adresse postale et votre ou vos num\u00e9ros de t\u00e9l\u00e9phone. C&#039;est ainsi que nous pouvons vous contacter facilement si n\u00e9cessaire.<\/p>\n<p>1. Comment nous utilisons vos donn\u00e9es personnelles<\/p>\n<p>Nous nous engageons \u00e0 prot\u00e9ger vos donn\u00e9es personnelles.<\/p>\n<p>Les seules donn\u00e9es que nous recueillons aupr\u00e8s de vous sont telles que soumises par vous ou votre agent autoris\u00e9 \u00e0 la demande d&#039;un devis ou d&#039;une prestation de service.<\/p>\n<p>Nous ne collectons pas de donn\u00e9es de cat\u00e9gorie sp\u00e9ciale aupr\u00e8s de vous ou de votre agent autoris\u00e9.<\/p>\n<p>Nous utiliserons vos donn\u00e9es personnelles non sensibles pour (i) enregistrer vos coordonn\u00e9es sur nos syst\u00e8mes \u00e9lectroniques afin de nous permettre de calculer, r\u00e9cup\u00e9rer et suivre votre devis, (ii) g\u00e9rer le paiement, (iii) collecter et recouvrer les sommes qui nous sont dues ( iv) pour g\u00e9rer notre relation avec vous, (v) vous envoyer des d\u00e9tails sur nos produits et services.<\/p>\n<p>Nos fondements juridiques pour le traitement de vos donn\u00e9es sont en relation avec les points (i) \u00e0 (iv) ci-dessus sont pour l&#039;ex\u00e9cution d&#039;un contrat avec vous et en relation avec (v) ci-dessus, n\u00e9cessaires pour nos int\u00e9r\u00eats l\u00e9gitimes \u00e0 d\u00e9velopper nos produits\/services et cro\u00eetre notre affaire.<\/p>\n<p>Nous ne partagerons pas vos coordonn\u00e9es avec des tiers \u00e0 des fins de marketing, sauf avec votre consentement expr\u00e8s.<\/p>\n<p>2. Divulgation de vos donn\u00e9es personnelles<\/p>\n<p>Nous pouvons \u00eatre amen\u00e9s \u00e0 partager vos donn\u00e9es personnelles avec (i) des prestataires de services qui fournissent un support informatique et d&#039;administration syst\u00e8me, (ii) des conseillers professionnels, notamment des avocats, des banquiers, des auditeurs et des assureurs (iii) HMRC et d&#039;autres autorit\u00e9s de r\u00e9glementation (iv) des tiers auxquels nous vendons, transf\u00e9rons ou fusionnons des parties de notre entreprise ou de nos actifs et\/ou (v) nos partenaires commerciaux et agents agr\u00e9\u00e9s qui font partie de notre cha\u00eene d&#039;approvisionnement.<\/p>\n<p>Nous exigeons de tous ces tiers auxquels nous transf\u00e9rons vos donn\u00e9es qu&#039;ils respectent la s\u00e9curit\u00e9 de vos donn\u00e9es personnelles et qu&#039;ils les traitent conform\u00e9ment \u00e0 la loi. Ils ne sont autoris\u00e9s \u00e0 traiter vos donn\u00e9es personnelles que sur nos instructions.<\/p>\n<p>3. Virements internationaux<\/p>\n<p>Certains de nos fournisseurs tiers sont des entreprises situ\u00e9es en dehors de l&#039;UE dans des pays qui n&#039;offrent pas toujours les m\u00eames niveaux de protection pour vos donn\u00e9es personnelles. Nous faisons de notre mieux pour assurer un degr\u00e9 de s\u00e9curit\u00e9 similaire en veillant \u00e0 ce que des contrats, un code de conduite ou une certification soient en place, ce qui donne \u00e0 vos donn\u00e9es personnelles la m\u00eame protection qu&#039;en Europe. Si nous ne sommes pas en mesure de le faire, nous vous demanderons votre consentement explicite au transfert et vous pourrez retirer ce consentement \u00e0 tout moment.<\/p>\n<p>4. S\u00e9curit\u00e9 des donn\u00e9es<\/p>\n<p>La protection de vos donn\u00e9es est importante pour nous et nous avons mis en place des mesures de s\u00e9curit\u00e9 pour emp\u00eacher que vos donn\u00e9es personnelles ne soient accidentellement perdues, utilis\u00e9es ou consult\u00e9es de mani\u00e8re non autoris\u00e9e, modifi\u00e9es ou divulgu\u00e9es. Nous limitons \u00e9galement l&#039;acc\u00e8s \u00e0 vos donn\u00e9es personnelles aux employ\u00e9s, agents, sous-traitants et autres tiers qui ont un besoin professionnel de conna\u00eetre ces donn\u00e9es. Ils ne traiteront vos donn\u00e9es personnelles que sur nos instructions et sont soumis \u00e0 un devoir de confidentialit\u00e9.<\/p>\n<p>Nous avons mis en place des proc\u00e9dures pour traiter toute violation pr\u00e9sum\u00e9e de donn\u00e9es personnelles et nous vous informerons, ainsi que tout organisme de r\u00e9glementation applicable, d&#039;une violation lorsque nous sommes l\u00e9galement tenus de le faire.<\/p>\n<p>Dans certaines circonstances, vous pouvez nous demander de supprimer vos donn\u00e9es. Voir la section intitul\u00e9e \u00ab vos droits \u00bb ci-dessous pour plus d&#039;informations.<\/p>\n<p>Nous pouvons anonymiser vos donn\u00e9es personnelles (afin que vous ne puissiez plus \u00eatre identifi\u00e9 \u00e0 partir de ces donn\u00e9es) \u00e0 des fins de recherche ou de statistiques, auquel cas nous pouvons utiliser ces informations ind\u00e9finiment sans autre pr\u00e9avis.<\/p>\n<p>5. Conservation des donn\u00e9es<\/p>\n<p>Nous ne conserverons vos donn\u00e9es personnelles que le temps n\u00e9cessaire \u00e0 la r\u00e9alisation des finalit\u00e9s pour lesquelles nous les avons collect\u00e9es. Nous pouvons conserver vos donn\u00e9es pour satisfaire \u00e0 toute exigence l\u00e9gale, comptable ou de d\u00e9claration. Par exemple, nous devons conserver certaines informations vous concernant pendant 6 ans apr\u00e8s que vous avez cess\u00e9 d&#039;\u00eatre un client \u00e0 des fins fiscales.<\/p>\n<p>Vous avez le droit de nous demander de supprimer les donn\u00e9es personnelles que nous d\u00e9tenons \u00e0 votre sujet dans certaines circonstances. Voir l&#039;article 6 ci-dessous.<\/p>\n<p>6. Vos droits<\/p>\n<p>Vous pouvez exercer certains droits en relation avec vos donn\u00e9es personnelles que nous traitons.<\/p>\n<p>Dans le cadre de votre droit d&#039;acc\u00e8s, vous pouvez nous demander de vous informer des donn\u00e9es que nous d\u00e9tenons \u00e0 votre sujet et de la mani\u00e8re dont nous les traitons. Nous ne facturerons pas de frais pour r\u00e9pondre \u00e0 cette demande, sauf si votre demande est clairement infond\u00e9e, r\u00e9p\u00e9titive ou excessive, auquel cas nous pouvons facturer des frais raisonnables ou refuser de r\u00e9pondre.<\/p>\n<p>Nous vous r\u00e9pondrons dans la plupart des cas dans un d\u00e9lai d&#039;un mois \u00e0 compter de la date de la demande sauf si votre demande est complexe ou si vous avez formul\u00e9 un nombre important de demandes auquel cas nous vous informerons de tout retard et vous r\u00e9pondrons en tout \u00e9tat de cause dans un d\u00e9lai de 3 mois .<\/p>\n<p>Si vous souhaitez faire une demande d&#039;acc\u00e8s au sujet, veuillez envoyer la demande \u00e0 Business for Growth Ltd, Deutschland, B\u00f6hmerwaldstra\u00dfe 11,84478 Waldkraiburg ou par e-mail&nbsp;<a href=\"mailto:online@eurostatraiting.de\" target=\"_blank\" rel=\"noopener\">online@eurostatraiting.de<\/a>&nbsp;marqu\u00e9 \u00e0 l&#039;attention du Data Compliance Officer.<\/p>\n<p>7. Maintenir vos donn\u00e9es \u00e0 jour<\/p>\n<p>Nous avons le devoir de maintenir vos donn\u00e9es personnelles \u00e0 jour et exactes. Nous pouvons donc de temps \u00e0 autre vous contacter pour vous demander de confirmer que vos donn\u00e9es personnelles sont toujours exactes et \u00e0 jour.<\/p>\n<p>En cas de modification de vos donn\u00e9es personnelles (comme un changement d&#039;adresse), veuillez nous en informer d\u00e8s que possible en \u00e9crivant ou en envoyant un e-mail aux adresses indiqu\u00e9es dans la section 6 ci-dessus.<\/p>\n<p>8. R\u00e9clamations<\/p>\n<p>Nous nous engageons \u00e0 prot\u00e9ger vos donn\u00e9es personnelles, mais si pour une raison quelconque vous n&#039;\u00eates pas satisfait d&#039;un aspect quelconque de la mani\u00e8re dont nous collectons et utilisons vos donn\u00e9es, vous avez le droit de porter plainte aupr\u00e8s du Bureau du commissaire \u00e0 l&#039;information (ICO), l&#039;autorit\u00e9 allemande de contr\u00f4le des donn\u00e9es. probl\u00e8mes de protection.<\/p>\n<p>Nous vous serions reconnaissants de bien vouloir nous contacter en premier si vous avez une plainte afin que nous puissions essayer de la r\u00e9soudre pour vous.<\/p>\n<p>Nous pouvons modifier cet avis de confidentialit\u00e9 de temps \u00e0 autre et vous informerons de tout changement.<\/p>\n<p>Nous ne vendons, n&#039;\u00e9changeons ni ne louons vos informations personnelles \u00e0 d&#039;autres parties.<\/p>\n<p>Si vous participez aux prix de l&#039;entreprise de l&#039;ann\u00e9e ou demandez une newsletter ou tout autre produit ou service sur le site Web, nous pouvons autoriser nos partenaires \u00e0 vous fournir des actualit\u00e9s et des offres sp\u00e9ciales. Nous pouvons partager des informations personnelles avec des partenaires sp\u00e9cifiques* qui soutiennent Standard Chartered Rating GmbH avec le prix de l&#039;entreprise de l&#039;ann\u00e9e, ces partenaires peuvent \u00eatre fournis sur demande \u00e0&nbsp;<a href=\"mailto:online@eurostatraiting.de\" target=\"_blank\" rel=\"noopener\">online@eurostatraiting.de<\/a>. Si, \u00e0 tout moment, vous choisissez de ne pas recevoir de notifications, vous pouvez le faire en envoyant votre demande \u00e0&nbsp;<a href=\"mailto:online@eurostatraiting.de\" target=\"_blank\" rel=\"noopener\">online@eurostatraiting.de<\/a>.<\/p>\n<p>9. Juger<\/p>\n<p>Les juges de Standard Chartered Rating GmbH signent un accord de confidentialit\u00e9 avant de juger les entreprises, les informations restent confidentielles sauf si le consentement de l&#039;entreprise est confirm\u00e9.<\/p>\n<p>La Standard Chartered Rating GmbH peut fournir des statistiques globales sur nos clients, nos ventes, les mod\u00e8les de trafic et des informations sur le site \u00e0 nos sponsors\/partenaires des r\u00e9compenses, mais ces statistiques ne contiendront aucune information d&#039;identification personnelle.<\/p>\n<p>Utilisation des donn\u00e9es pour les supports marketing<br>En s&#039;inscrivant aux prix, les entreprises comprennent que les informations qu&#039;elles fournissent sur leur entreprise (\u00e0 l&#039;exclusion des informations sur le chiffre d&#039;affaires et le b\u00e9n\u00e9fice avant imp\u00f4t qui resteront confidentiels \u00e0 tout moment) ne seront utilis\u00e9es que par l&#039;entreprise de l&#039;ann\u00e9e ou ses partenaires.<\/p>\n<p><\/p>\n<p>* Les entreprises partenaires sont les sponsors et les organisations qui soutiennent la Standard Chartered Rating GmbH et suivent \u00e9galement les objectifs et les principes des prix - vers la cr\u00e9ation d&#039;une \u00e9conomie europ\u00e9enne plus prosp\u00e8re.<\/p>\n<p><\/p><\/div>\n\t\t\t\t<\/div>\n\t\t\t\t<\/div>\n\t\t\t\t\t<\/div>\n\t\t<\/div>\n\t\t\t\t\t\t\t<\/div>\n\t\t<\/section>\n\t\t\t\t<section class=\"elementor-section elementor-top-section elementor-element elementor-element-9b393f4 elementor-section-boxed elementor-section-height-default elementor-section-height-default\" data-id=\"9b393f4\" data-element_type=\"section\">\n\t\t\t\t\t\t<div class=\"elementor-container elementor-column-gap-default\">\n\t\t\t\t\t<div class=\"elementor-column elementor-col-100 elementor-top-column elementor-element elementor-element-3b8e664\" data-id=\"3b8e664\" data-element_type=\"column\">\n\t\t\t<div class=\"elementor-widget-wrap elementor-element-populated\">\n\t\t\t\t\t\t\t\t<div class=\"elementor-element elementor-element-f1ab498 elementor-widget elementor-widget-spacer\" data-id=\"f1ab498\" data-element_type=\"widget\" data-widget_type=\"spacer.default\">\n\t\t\t\t<div class=\"elementor-widget-container\">\n\t\t\t\t\t<div class=\"elementor-spacer\">\n\t\t\t<div class=\"elementor-spacer-inner\"><\/div>\n\t\t<\/div>\n\t\t\t\t<\/div>\n\t\t\t\t<\/div>\n\t\t\t\t\t<\/div>\n\t\t<\/div>\n\t\t\t\t\t\t\t<\/div>\n\t\t<\/section>\n\t\t\t\t\t\t<\/div>\n\t\t\t\t\t<\/div>","protected":false},"excerpt":{"rendered":"<p>POLITIQUE DE CONFIDENTIALIT\u00c9 Standard Chartered Rating GmbHwww.the-reputation.com Standard Chartered Rating GmbH s&#039;engage \u00e0 prot\u00e9ger votre vie priv\u00e9e et nous nous conformons aux lois sur la protection des donn\u00e9es applicables \u00e0 la l\u00e9gislation allemande. Cette politique de confidentialit\u00e9 d\u00e9crit la mani\u00e8re dont vos informations personnelles sont trait\u00e9es. En continuant \u00e0 utiliser nos services, y compris nos sites Web, vous consentez \u00e0 la collecte et [\u2026]<\/p>","protected":false},"author":1,"featured_media":0,"parent":0,"menu_order":0,"comment_status":"closed","ping_status":"closed","template":"elementor_header_footer","meta":{"om_disable_all_campaigns":false,"_joinchat":[]},"aioseo_notices":[],"_links":{"self":[{"href":"https:\/\/the-reputation.com\/fr\/wp-json\/wp\/v2\/pages\/105"}],"collection":[{"href":"https:\/\/the-reputation.com\/fr\/wp-json\/wp\/v2\/pages"}],"about":[{"href":"https:\/\/the-reputation.com\/fr\/wp-json\/wp\/v2\/types\/page"}],"author":[{"embeddable":true,"href":"https:\/\/the-reputation.com\/fr\/wp-json\/wp\/v2\/users\/1"}],"replies":[{"embeddable":true,"href":"https:\/\/the-reputation.com\/fr\/wp-json\/wp\/v2\/comments?post=105"}],"version-history":[{"count":0,"href":"https:\/\/the-reputation.com\/fr\/wp-json\/wp\/v2\/pages\/105\/revisions"}],"wp:attachment":[{"href":"https:\/\/the-reputation.com\/fr\/wp-json\/wp\/v2\/media?parent=105"}],"curies":[{"name":"wp","href":"https:\/\/api.w.org\/{rel}","templated":true}]}}